{"id":129,"date":"2025-01-22T08:05:05","date_gmt":"2025-01-22T08:05:05","guid":{"rendered":"https:\/\/kirospirit.dk\/?page_id=129"},"modified":"2025-01-23T10:02:14","modified_gmt":"2025-01-23T10:02:14","slug":"kontakt","status":"publish","type":"page","link":"https:\/\/kirospirit.dk\/index.php\/kontakt\/","title":{"rendered":"Kontakt"},"content":{"rendered":"\n<div class=\"wp-block-columns is-layout-flex wp-container-core-columns-is-layout-28f84493 wp-block-columns-is-layout-flex\">\n<div class=\"wp-block-column is-layout-flow wp-block-column-is-layout-flow\">\n<div class=\"wp-block-group has-black-color has-cool-to-warm-spectrum-gradient-background has-text-color has-background has-link-color wp-elements-e1aabb71be2ef9625ba8448339723c1b is-layout-constrained wp-block-group-is-layout-constrained\">\n<p class=\"has-background\" style=\"background-color:#81d742;font-size:16px;font-style:normal;font-weight:400\">Mobil\/SMS\/WhatsApp:<strong> +45 44165080<\/strong><\/p>\n\n\n\n<p class=\"has-background\" style=\"background-color:#81d742;font-size:16px;font-style:normal;font-weight:400\">E-mail: <strong>kontakt@kirospirit.dk<\/strong><\/p>\n\n\n\n<p class=\"has-background\" style=\"background-color:#81d742;font-size:16px;font-style:normal;font-weight:400\">Adresse: <strong>Strandvejen 18, st. 5800 Nyborg<\/strong><\/p>\n\n\n\n<div class=\"wp-block-buttons is-content-justification-center is-layout-flex wp-container-core-buttons-is-layout-a89b3969 wp-block-buttons-is-layout-flex\">\n<div class=\"wp-block-button\"><a class=\"wp-block-button__link has-black-background-color has-background has-text-align-center wp-element-button\" href=\"https:\/\/application.complimentawork.dk\/CamClientPortal\/CamClientPortal.html?clinic=00000A050132000007D17D01000001934328BB2C4F0C9467\">Book tid her<\/a><\/div>\n<\/div>\n<\/div>\n\n\n\n<p>Indgang er gennem porten, tv ind gennem g\u00e5rden og op ad 6 trapper. <\/p>\n\n\n\n<p><\/p>\n\n\n\n<p><\/p>\n\n\n\n<figure class=\"wp-block-image size-large\"><img loading=\"lazy\" decoding=\"async\" width=\"768\" height=\"1024\" src=\"https:\/\/kirospirit.dk\/wp-content\/uploads\/2025\/01\/Indgangsdoer-til-Standvejen-18-768x1024.jpeg\" alt=\"\" class=\"wp-image-117\" srcset=\"https:\/\/kirospirit.dk\/wp-content\/uploads\/2025\/01\/Indgangsdoer-til-Standvejen-18-768x1024.jpeg 768w, https:\/\/kirospirit.dk\/wp-content\/uploads\/2025\/01\/Indgangsdoer-til-Standvejen-18-225x300.jpeg 225w, https:\/\/kirospirit.dk\/wp-content\/uploads\/2025\/01\/Indgangsdoer-til-Standvejen-18-1152x1536.jpeg 1152w, https:\/\/kirospirit.dk\/wp-content\/uploads\/2025\/01\/Indgangsdoer-til-Standvejen-18-1536x2048.jpeg 1536w, https:\/\/kirospirit.dk\/wp-content\/uploads\/2025\/01\/Indgangsdoer-til-Standvejen-18-scaled.jpeg 1920w\" sizes=\"auto, (max-width: 768px) 100vw, 768px\" \/><\/figure>\n<\/div>\n\n\n\n<div class=\"wp-block-column is-layout-flow wp-block-column-is-layout-flow\">\n<figure class=\"wp-block-image size-large\"><img loading=\"lazy\" decoding=\"async\" width=\"1024\" height=\"768\" src=\"https:\/\/kirospirit.dk\/wp-content\/uploads\/2025\/01\/Facade-af-strandvejen-18-1-1024x768.jpeg\" alt=\"\" class=\"wp-image-115\" srcset=\"https:\/\/kirospirit.dk\/wp-content\/uploads\/2025\/01\/Facade-af-strandvejen-18-1-1024x768.jpeg 1024w, https:\/\/kirospirit.dk\/wp-content\/uploads\/2025\/01\/Facade-af-strandvejen-18-1-300x225.jpeg 300w, https:\/\/kirospirit.dk\/wp-content\/uploads\/2025\/01\/Facade-af-strandvejen-18-1-768x576.jpeg 768w, https:\/\/kirospirit.dk\/wp-content\/uploads\/2025\/01\/Facade-af-strandvejen-18-1-1536x1152.jpeg 1536w, https:\/\/kirospirit.dk\/wp-content\/uploads\/2025\/01\/Facade-af-strandvejen-18-1-2048x1536.jpeg 2048w\" sizes=\"auto, (max-width: 1024px) 100vw, 1024px\" \/><\/figure>\n\n\n\n<p>Du er altid velkommen til at komme ind, og er d\u00f8ren ind til mig \u00e5ben, s\u00e5 kan du altid konsultere mig.<\/p>\n\n\n\n<p>Jeg har ingen sekret\u00e6r, derfor er det altid mig du kommunikerer med direkte.&nbsp;<\/p>\n\n\n\n<figure class=\"wp-block-image size-large\"><img loading=\"lazy\" decoding=\"async\" width=\"1024\" height=\"768\" src=\"https:\/\/kirospirit.dk\/wp-content\/uploads\/2025\/01\/Vinduer-Strandvejen-18-1-1024x768.jpeg\" alt=\"\" class=\"wp-image-116\" srcset=\"https:\/\/kirospirit.dk\/wp-content\/uploads\/2025\/01\/Vinduer-Strandvejen-18-1-1024x768.jpeg 1024w, https:\/\/kirospirit.dk\/wp-content\/uploads\/2025\/01\/Vinduer-Strandvejen-18-1-300x225.jpeg 300w, https:\/\/kirospirit.dk\/wp-content\/uploads\/2025\/01\/Vinduer-Strandvejen-18-1-768x576.jpeg 768w, https:\/\/kirospirit.dk\/wp-content\/uploads\/2025\/01\/Vinduer-Strandvejen-18-1-1536x1152.jpeg 1536w, https:\/\/kirospirit.dk\/wp-content\/uploads\/2025\/01\/Vinduer-Strandvejen-18-1-2048x1536.jpeg 2048w\" sizes=\"auto, (max-width: 1024px) 100vw, 1024px\" \/><\/figure>\n\n\n\n<div class=\"wp-block-group has-background is-layout-constrained wp-block-group-is-layout-constrained\" style=\"background-color:#81d742\">\n<p class=\"has-background\" style=\"background-color:#81d742\">&nbsp;Vi ses, hvis du har lyst!<\/p>\n\n\n\n<figure class=\"wp-block-image size-full is-resized\"><img loading=\"lazy\" decoding=\"async\" width=\"113\" height=\"113\" src=\"https:\/\/kirospirit.dk\/wp-content\/uploads\/2025\/01\/image-1.png\" alt=\"\" class=\"wp-image-132\" style=\"width:144px;height:auto\"\/><\/figure>\n<\/div>\n<\/div>\n<\/div>\n\n\n\n<div class=\"wp-block-columns is-layout-flex wp-container-core-columns-is-layout-28f84493 wp-block-columns-is-layout-flex\">\n<div class=\"wp-block-column has-background is-layout-flow wp-block-column-is-layout-flow\" style=\"background-color:#81d742\">\n<h2 class=\"wp-block-heading\">\u00c5bningstider<\/h2>\n\n\n\n<ul class=\"wp-block-list\">\n<li>Mandag: 9.00-15.00<\/li>\n\n\n\n<li>Tirsdag: 7.00-13.00<\/li>\n\n\n\n<li>Onsdag: Lukket<\/li>\n\n\n\n<li>Torsdag: 9.00-17.30<\/li>\n\n\n\n<li>Fredag: 9.00-14.30<\/li>\n<\/ul>\n<\/div>\n\n\n\n<div class=\"wp-block-column has-background is-layout-flow wp-block-column-is-layout-flow\" style=\"background-color:#f140a7\">\n<h2 class=\"wp-block-heading\">Telefontider<\/h2>\n\n\n\n<ul class=\"wp-block-list\">\n<li>Mandag: 8.00-9.00<\/li>\n\n\n\n<li>Tirsdag: 8.00-9.00<\/li>\n\n\n\n<li>Onsdag: 8.00-9.00<\/li>\n\n\n\n<li>Torsdag: 8.00-9.00<\/li>\n\n\n\n<li>Fredag: 8.00-9.00<\/li>\n<\/ul>\n\n\n\n<p>Du kan naturligvis ringe n\u00e5r som helst, mellem 8 og 18 p\u00e5 alle hverdag. Svarer jeg ikke, s\u00e5 send gerne en SMS, og s\u00e5 ringer jeg tilbage hurtigst muligt. \ud83d\ude42 <\/p>\n<\/div>\n<\/div>\n","protected":false},"excerpt":{"rendered":"<p>Mobil\/SMS\/WhatsApp: +45 44165080 E-mail: kontakt@kirospirit.dk Adresse: Strandvejen 18, st. 5800 Nyborg Indgang er gennem porten, tv ind gennem g\u00e5rden og [&hellip;]<\/p>\n","protected":false},"author":1,"featured_media":0,"parent":0,"menu_order":0,"comment_status":"closed","ping_status":"closed","template":"","meta":{"site-sidebar-layout":"default","site-content-layout":"","ast-site-content-layout":"default","site-content-style":"default","site-sidebar-style":"default","ast-global-header-display":"","ast-banner-title-visibility":"","ast-main-header-display":"","ast-hfb-above-header-display":"","ast-hfb-below-header-display":"","ast-hfb-mobile-header-display":"","site-post-title":"","ast-breadcrumbs-content":"","ast-featured-img":"","footer-sml-layout":"","ast-disable-related-posts":"","theme-transparent-header-meta":"","adv-header-id-meta":"","stick-header-meta":"","header-above-stick-meta":"","header-main-stick-meta":"","header-below-stick-meta":"","astra-migrate-meta-layouts":"default","ast-page-background-enabled":"default","ast-page-background-meta":{"desktop":{"background-color":"var(--ast-global-color-5)","background-image":"","background-repeat":"repeat","background-position":"center center","background-size":"auto","background-attachment":"scroll","background-type":"","background-media":"","overlay-type":"","overlay-color":"","overlay-opacity":"","overlay-gradient":""},"tablet":{"background-color":"","background-image":"","background-repeat":"repeat","background-position":"center center","background-size":"auto","background-attachment":"scroll","background-type":"","background-media":"","overlay-type":"","overlay-color":"","overlay-opacity":"","overlay-gradient":""},"mobile":{"background-color":"","background-image":"","background-repeat":"repeat","background-position":"center center","background-size":"auto","background-attachment":"scroll","background-type":"","background-media":"","overlay-type":"","overlay-color":"","overlay-opacity":"","overlay-gradient":""}},"ast-content-background-meta":{"desktop":{"background-color":"var(--ast-global-color-4)","background-image":"","background-repeat":"repeat","background-position":"center center","background-size":"auto","background-attachment":"scroll","background-type":"","background-media":"","overlay-type":"","overlay-color":"","overlay-opacity":"","overlay-gradient":""},"tablet":{"background-color":"var(--ast-global-color-4)","background-image":"","background-repeat":"repeat","background-position":"center center","background-size":"auto","background-attachment":"scroll","background-type":"","background-media":"","overlay-type":"","overlay-color":"","overlay-opacity":"","overlay-gradient":""},"mobile":{"background-color":"var(--ast-global-color-4)","background-image":"","background-repeat":"repeat","background-position":"center center","background-size":"auto","background-attachment":"scroll","background-type":"","background-media":"","overlay-type":"","overlay-color":"","overlay-opacity":"","overlay-gradient":""}},"footnotes":""},"class_list":["post-129","page","type-page","status-publish","hentry"],"yoast_head":"<!-- This site is optimized with the Yoast SEO plugin v25.7 - https:\/\/yoast.com\/wordpress\/plugins\/seo\/ -->\n<title>Kontakt -<\/title>\n<meta name=\"robots\" content=\"index, follow, max-snippet:-1, max-image-preview:large, max-video-preview:-1\" \/>\n<link rel=\"canonical\" href=\"https:\/\/kirospirit.dk\/index.php\/kontakt\/\" \/>\n<meta property=\"og:locale\" content=\"da_DK\" \/>\n<meta property=\"og:type\" content=\"article\" \/>\n<meta property=\"og:title\" content=\"Kontakt -\" \/>\n<meta property=\"og:description\" content=\"Mobil\/SMS\/WhatsApp: +45 44165080 E-mail: kontakt@kirospirit.dk Adresse: Strandvejen 18, st. 5800 Nyborg Indgang er gennem porten, tv ind gennem g\u00e5rden og [&hellip;]\" \/>\n<meta property=\"og:url\" content=\"https:\/\/kirospirit.dk\/index.php\/kontakt\/\" \/>\n<meta property=\"article:modified_time\" content=\"2025-01-23T10:02:14+00:00\" \/>\n<meta property=\"og:image\" content=\"https:\/\/kirospirit.dk\/wp-content\/uploads\/2025\/01\/Indgangsdoer-til-Standvejen-18-768x1024.jpeg\" \/>\n<meta name=\"twitter:card\" content=\"summary_large_image\" \/>\n<meta name=\"twitter:label1\" content=\"Estimeret l\u00e6setid\" \/>\n\t<meta name=\"twitter:data1\" content=\"1 minut\" \/>\n<script type=\"application\/ld+json\" class=\"yoast-schema-graph\">{\"@context\":\"https:\/\/schema.org\",\"@graph\":[{\"@type\":\"WebPage\",\"@id\":\"https:\/\/kirospirit.dk\/index.php\/kontakt\/\",\"url\":\"https:\/\/kirospirit.dk\/index.php\/kontakt\/\",\"name\":\"Kontakt -\",\"isPartOf\":{\"@id\":\"https:\/\/kirospirit.dk\/#website\"},\"primaryImageOfPage\":{\"@id\":\"https:\/\/kirospirit.dk\/index.php\/kontakt\/#primaryimage\"},\"image\":{\"@id\":\"https:\/\/kirospirit.dk\/index.php\/kontakt\/#primaryimage\"},\"thumbnailUrl\":\"https:\/\/kirospirit.dk\/wp-content\/uploads\/2025\/01\/Indgangsdoer-til-Standvejen-18-768x1024.jpeg\",\"datePublished\":\"2025-01-22T08:05:05+00:00\",\"dateModified\":\"2025-01-23T10:02:14+00:00\",\"breadcrumb\":{\"@id\":\"https:\/\/kirospirit.dk\/index.php\/kontakt\/#breadcrumb\"},\"inLanguage\":\"da-DK\",\"potentialAction\":[{\"@type\":\"ReadAction\",\"target\":[\"https:\/\/kirospirit.dk\/index.php\/kontakt\/\"]}]},{\"@type\":\"ImageObject\",\"inLanguage\":\"da-DK\",\"@id\":\"https:\/\/kirospirit.dk\/index.php\/kontakt\/#primaryimage\",\"url\":\"https:\/\/kirospirit.dk\/wp-content\/uploads\/2025\/01\/Indgangsdoer-til-Standvejen-18-scaled.jpeg\",\"contentUrl\":\"https:\/\/kirospirit.dk\/wp-content\/uploads\/2025\/01\/Indgangsdoer-til-Standvejen-18-scaled.jpeg\",\"width\":1920,\"height\":2560},{\"@type\":\"BreadcrumbList\",\"@id\":\"https:\/\/kirospirit.dk\/index.php\/kontakt\/#breadcrumb\",\"itemListElement\":[{\"@type\":\"ListItem\",\"position\":1,\"name\":\"Hjem\",\"item\":\"https:\/\/kirospirit.dk\/\"},{\"@type\":\"ListItem\",\"position\":2,\"name\":\"Kontakt\"}]},{\"@type\":\"WebSite\",\"@id\":\"https:\/\/kirospirit.dk\/#website\",\"url\":\"https:\/\/kirospirit.dk\/\",\"name\":\"\",\"description\":\"Du er et helt menneske og s\u00e5dan bliver du modtaget i Kirospirit!\",\"potentialAction\":[{\"@type\":\"SearchAction\",\"target\":{\"@type\":\"EntryPoint\",\"urlTemplate\":\"https:\/\/kirospirit.dk\/?s={search_term_string}\"},\"query-input\":{\"@type\":\"PropertyValueSpecification\",\"valueRequired\":true,\"valueName\":\"search_term_string\"}}],\"inLanguage\":\"da-DK\"}]}<\/script>\n<!-- \/ Yoast SEO plugin. -->","yoast_head_json":{"title":"Kontakt -","robots":{"index":"index","follow":"follow","max-snippet":"max-snippet:-1","max-image-preview":"max-image-preview:large","max-video-preview":"max-video-preview:-1"},"canonical":"https:\/\/kirospirit.dk\/index.php\/kontakt\/","og_locale":"da_DK","og_type":"article","og_title":"Kontakt -","og_description":"Mobil\/SMS\/WhatsApp: +45 44165080 E-mail: kontakt@kirospirit.dk Adresse: Strandvejen 18, st. 5800 Nyborg Indgang er gennem porten, tv ind gennem g\u00e5rden og [&hellip;]","og_url":"https:\/\/kirospirit.dk\/index.php\/kontakt\/","article_modified_time":"2025-01-23T10:02:14+00:00","og_image":[{"url":"https:\/\/kirospirit.dk\/wp-content\/uploads\/2025\/01\/Indgangsdoer-til-Standvejen-18-768x1024.jpeg","type":"","width":"","height":""}],"twitter_card":"summary_large_image","twitter_misc":{"Estimeret l\u00e6setid":"1 minut"},"schema":{"@context":"https:\/\/schema.org","@graph":[{"@type":"WebPage","@id":"https:\/\/kirospirit.dk\/index.php\/kontakt\/","url":"https:\/\/kirospirit.dk\/index.php\/kontakt\/","name":"Kontakt -","isPartOf":{"@id":"https:\/\/kirospirit.dk\/#website"},"primaryImageOfPage":{"@id":"https:\/\/kirospirit.dk\/index.php\/kontakt\/#primaryimage"},"image":{"@id":"https:\/\/kirospirit.dk\/index.php\/kontakt\/#primaryimage"},"thumbnailUrl":"https:\/\/kirospirit.dk\/wp-content\/uploads\/2025\/01\/Indgangsdoer-til-Standvejen-18-768x1024.jpeg","datePublished":"2025-01-22T08:05:05+00:00","dateModified":"2025-01-23T10:02:14+00:00","breadcrumb":{"@id":"https:\/\/kirospirit.dk\/index.php\/kontakt\/#breadcrumb"},"inLanguage":"da-DK","potentialAction":[{"@type":"ReadAction","target":["https:\/\/kirospirit.dk\/index.php\/kontakt\/"]}]},{"@type":"ImageObject","inLanguage":"da-DK","@id":"https:\/\/kirospirit.dk\/index.php\/kontakt\/#primaryimage","url":"https:\/\/kirospirit.dk\/wp-content\/uploads\/2025\/01\/Indgangsdoer-til-Standvejen-18-scaled.jpeg","contentUrl":"https:\/\/kirospirit.dk\/wp-content\/uploads\/2025\/01\/Indgangsdoer-til-Standvejen-18-scaled.jpeg","width":1920,"height":2560},{"@type":"BreadcrumbList","@id":"https:\/\/kirospirit.dk\/index.php\/kontakt\/#breadcrumb","itemListElement":[{"@type":"ListItem","position":1,"name":"Hjem","item":"https:\/\/kirospirit.dk\/"},{"@type":"ListItem","position":2,"name":"Kontakt"}]},{"@type":"WebSite","@id":"https:\/\/kirospirit.dk\/#website","url":"https:\/\/kirospirit.dk\/","name":"","description":"Du er et helt menneske og s\u00e5dan bliver du modtaget i Kirospirit!","potentialAction":[{"@type":"SearchAction","target":{"@type":"EntryPoint","urlTemplate":"https:\/\/kirospirit.dk\/?s={search_term_string}"},"query-input":{"@type":"PropertyValueSpecification","valueRequired":true,"valueName":"search_term_string"}}],"inLanguage":"da-DK"}]}},"_links":{"self":[{"href":"https:\/\/kirospirit.dk\/index.php\/wp-json\/wp\/v2\/pages\/129","targetHints":{"allow":["GET"]}}],"collection":[{"href":"https:\/\/kirospirit.dk\/index.php\/wp-json\/wp\/v2\/pages"}],"about":[{"href":"https:\/\/kirospirit.dk\/index.php\/wp-json\/wp\/v2\/types\/page"}],"author":[{"embeddable":true,"href":"https:\/\/kirospirit.dk\/index.php\/wp-json\/wp\/v2\/users\/1"}],"replies":[{"embeddable":true,"href":"https:\/\/kirospirit.dk\/index.php\/wp-json\/wp\/v2\/comments?post=129"}],"version-history":[{"count":7,"href":"https:\/\/kirospirit.dk\/index.php\/wp-json\/wp\/v2\/pages\/129\/revisions"}],"predecessor-version":[{"id":179,"href":"https:\/\/kirospirit.dk\/index.php\/wp-json\/wp\/v2\/pages\/129\/revisions\/179"}],"wp:attachment":[{"href":"https:\/\/kirospirit.dk\/index.php\/wp-json\/wp\/v2\/media?parent=129"}],"curies":[{"name":"wp","href":"https:\/\/api.w.org\/{rel}","templated":true}]}}